{"id":4746,"date":"2018-05-23T11:27:57","date_gmt":"2018-05-23T09:27:57","guid":{"rendered":"http:\/\/www.locandaorico.ch\/siteml\/?page_id=4746"},"modified":"2025-08-18T09:32:32","modified_gmt":"2025-08-18T07:32:32","slug":"contact-et-reservations","status":"publish","type":"page","link":"https:\/\/www.locandaorico.ch\/fr\/contact-et-reservations\/","title":{"rendered":"Contact et r\u00e9servations"},"content":{"rendered":"\n<style type=\"text\/css\" data-created_by=\"avia_inline_auto\" id=\"style-css-av-hhtgt0-b4d6ee4745240d2164de0bbbc131a9cb\">\n.avia-section.av-hhtgt0-b4d6ee4745240d2164de0bbbc131a9cb{\nbackground-repeat:no-repeat;\nbackground-image:url(https:\/\/www.locandaorico.ch\/site\/wp-content\/uploads\/2019\/11\/SLD-PF-dessert-19-01b.jpg);\nbackground-position:50% 50%;\nbackground-attachment:scroll;\n}\n<\/style>\n<div id='av_section_1'  class='avia-section av-hhtgt0-b4d6ee4745240d2164de0bbbc131a9cb main_color avia-section-no-padding avia-no-border-styling  avia-builder-el-0  avia-builder-el-no-sibling  avia-full-stretch avia-bg-style-scroll container_wrap sidebar_right'  data-section-bg-repeat='stretch'><div class='container av-section-cont-open' ><main  role=\"main\" itemprop=\"mainContentOfPage\"  class='template-page content  av-content-small alpha units'><div class='post-entry post-entry-type-page post-entry-4746'><div class='entry-content-wrapper clearfix'>\n<br \/>\n<style type=\"text\/css\" data-created_by=\"avia_inline_auto\" id=\"style-css-av-1qcspg-1be11fc217e8fc51352d3f14ade7fc62\">\n#top .flex_column.av-1qcspg-1be11fc217e8fc51352d3f14ade7fc62{\nmargin-top:40%;\n}\n.flex_column.av-1qcspg-1be11fc217e8fc51352d3f14ade7fc62{\nborder-radius:0px 0px 0px 0px;\npadding:0px 0px 0px 0px;\n}\n.responsive #top #wrap_all .flex_column.av-1qcspg-1be11fc217e8fc51352d3f14ade7fc62{\nmargin-top:40%;\n}\n<\/style>\n<div  class='flex_column av-1qcspg-1be11fc217e8fc51352d3f14ade7fc62 av_one_full first flex_column_div av-animated-generic fade-in av-zero-column-padding  '     ><style type=\"text\/css\" data-created_by=\"avia_inline_auto\" id=\"style-css-av-h359dg-ca197af08669b228ecebab2d6f73630b\">\n#top .av_textblock_section.av-h359dg-ca197af08669b228ecebab2d6f73630b .avia_textblock{\ncolor:#ffffff;\n}\n<\/style>\n<section  class='av_textblock_section av-h359dg-ca197af08669b228ecebab2d6f73630b '   itemscope=\"itemscope\" itemtype=\"https:\/\/schema.org\/CreativeWork\" ><div class='av-small-hide av-mini-hide avia_textblock av_inherit_color'  itemprop=\"text\" ><h6 style=\"text-align: right;\">Friabili gusci ripieni alla spuma di mirtilli selvatici della Valle Bedretto,<br \/>morbido cheesecake, scorzetta di cedro candita<\/h6>\n<\/div><\/section><br \/>\n\n<style type=\"text\/css\" data-created_by=\"avia_inline_auto\" id=\"style-css-av-gwb5t0-5dc01b91ef8e5e76ad84b7d4c55a93cf\">\n#top .hr.hr-invisible.av-gwb5t0-5dc01b91ef8e5e76ad84b7d4c55a93cf{\nheight:50px;\n}\n<\/style>\n<div  class='hr av-gwb5t0-5dc01b91ef8e5e76ad84b7d4c55a93cf hr-invisible  avia-builder-el-2  el_after_av_textblock  avia-builder-el-last '><span class='hr-inner '><span class=\"hr-inner-style\"><\/span><\/span><\/div><\/p><\/div>\n<\/div><\/div><\/main><!-- close content main element --><\/div><\/div><div id='after_section_1'  class='main_color av_default_container_wrap container_wrap sidebar_right'  ><div class='container av-section-cont-open' ><div class='template-page content  av-content-small alpha units'><div class='post-entry post-entry-type-page post-entry-4746'><div class='entry-content-wrapper clearfix'>\n[av_section min_height='' min_height_pc='25' min_height_px='500px' shadow='no-border-styling' bottom_border='no-border-styling' bottom_border_diagonal_color='#333333' bottom_border_diagonal_direction='' bottom_border_style='' padding='small' custom_margin='0px' custom_margin_sync='true' av-desktop-custom_margin='' av-desktop-custom_margin_sync='true' av-medium-custom_margin='' av-medium-custom_margin_sync='true' av-small-custom_margin='' av-small-custom_margin_sync='true' av-mini-custom_margin='' av-mini-custom_margin_sync='true' svg_div_top='' svg_div_top_color='#333333' svg_div_top_width='100' svg_div_top_height='50' svg_div_top_max_height='none' svg_div_top_opacity='' svg_div_bottom='' svg_div_bottom_color='#333333' svg_div_bottom_width='100' svg_div_bottom_height='50' svg_div_bottom_max_height='none' svg_div_bottom_opacity='' fold_type='' fold_height='' fold_more='Continua a leggere' fold_less='Leggi di meno' fold_text_style='' fold_btn_align='' color='alternate_color' background='bg_color' custom_bg='#a39369' background_gradient_direction='vertical' background_gradient_color1='' background_gradient_color2='' background_gradient_color3='' src='' attachment='' attachment_size='' src_dynamic='' attach='scroll' position='top left' repeat='no-repeat' video='' video_ratio='16:9' overlay_opacity='0.5' overlay_color='' overlay_pattern='' overlay_custom_pattern='' custom_arrow_bg='' fold_overlay_color='' fold_text_color='' fold_btn_color='theme-color' fold_btn_bg_color='' fold_btn_font_color='' size-btn-text='' av-desktop-font-size-btn-text='' av-medium-font-size-btn-text='' av-small-font-size-btn-text='' av-mini-font-size-btn-text='' fold_timer='' z_index_fold='' css_position_z_index='' av-desktop-css_position_z_index='' av-medium-css_position_z_index='' av-small-css_position_z_index='' av-mini-css_position_z_index='' av-desktop-hide='aviaTBav-desktop-hide' av-medium-hide='aviaTBav-medium-hide' av-small-hide='aviaTBav-small-hide' av-mini-hide='aviaTBav-mini-hide' id='' custom_class='' template_class='' aria_label='' av_element_hidden_in_editor='0' av_uid='av-3lf4iw' sc_version='1.0']\r\n[av_textblock fold_type='' fold_height='' fold_more='Continua a leggere' fold_less='Leggi di meno' fold_text_style='' fold_btn_align='' textblock_styling_align='' textblock_styling='' textblock_styling_gap='' textblock_styling_mobile='' size='' av-desktop-font-size='' av-medium-font-size='' av-small-font-size='' av-mini-font-size='' font_color='custom' color='#ffffff' background='bg_color' background_color='' background_gradient_direction='vertical' background_gradient_color1='#000000' background_gradient_color2='#ffffff' background_gradient_color3='' padding='' padding_sync='true' av-desktop-padding='' av-desktop-padding_sync='true' av-medium-padding='' av-medium-padding_sync='true' av-small-padding='' av-small-padding_sync='true' av-mini-padding='' av-mini-padding_sync='true' fold_overlay_color='' fold_text_color='' fold_btn_color='theme-color' fold_btn_bg_color='' fold_btn_font_color='' size-btn-text='' av-desktop-font-size-btn-text='' av-medium-font-size-btn-text='' av-small-font-size-btn-text='' av-mini-font-size-btn-text='' container_tag='' fold_timer='' z_index_fold='' id='' custom_class='' template_class='' av_uid='av-38y3eg' sc_version='1.0' admin_preview_bg='']\r\n<h5 style=\"text-align: center;\">La Locanda Orico sera ferm\u00e9e les 17 et 18 f\u00e9vrier 2026.\r\nNous rouvrirons le 19 f\u00e9vrier 2026.<\/h5>\r\n[\/av_textblock]\r\n[\/av_section]\r\n\r\n\n<\/div><\/div><\/div><!-- close content main div --><\/div><\/div><div id='av_section_2'  class='avia-section av-gtbkck-430e453e4749cf601b175821ea17db0a main_color avia-section-default avia-no-shadow avia-bg-style-scroll container_wrap sidebar_right'  ><div class='container av-section-cont-open' ><div class='template-page content  av-content-small alpha units'><div class='post-entry post-entry-type-page post-entry-4746'><div class='entry-content-wrapper clearfix'>\n\n<style type=\"text\/css\" data-created_by=\"avia_inline_auto\" id=\"style-css-av-glycic-d42b0b880a6d81b5f9a3cee7dd5311d7\">\n#top .hr.hr-invisible.av-glycic-d42b0b880a6d81b5f9a3cee7dd5311d7{\nheight:40px;\n}\n<\/style>\n<div  class='hr av-glycic-d42b0b880a6d81b5f9a3cee7dd5311d7 hr-invisible'><span class='hr-inner '><span class=\"hr-inner-style\"><\/span><\/span><\/div>\n\n<style type=\"text\/css\" data-created_by=\"avia_inline_auto\" id=\"style-css-av-ern0u4-20dc19987231c1c1a0d17e8c333f82c5\">\n.flex_column.av-ern0u4-20dc19987231c1c1a0d17e8c333f82c5{\nborder-radius:0px 0px 0px 0px;\npadding:0px 0px 0px 0px;\n}\n<\/style>\n<div  class='flex_column av-ern0u4-20dc19987231c1c1a0d17e8c333f82c5 av_three_fifth first flex_column_div  '     ><section  class='av_textblock_section av-1giwqk-00250bb9fc1921edd3a6e1308030daee '   itemscope=\"itemscope\" itemtype=\"https:\/\/schema.org\/CreativeWork\" ><div class='avia_textblock'  itemprop=\"text\" ><h1>R\u00e9servations<\/h1>\n<\/div><\/section><br \/>\n<div  id=\"moreinfo\"  class='avia-button-wrap avia-button-center '>\n<style type=\"text\/css\" data-created_by=\"avia_inline_auto\" id=\"style-css-av-kxrpo9zf-d8f8934f76718bb101055e09383e70fb\">\n#top #wrap_all .avia-button.av-kxrpo9zf-d8f8934f76718bb101055e09383e70fb{\nbackground-color:#a39369;\nborder-color:#a39369;\ntransition:all 0.4s ease-in-out;\n}\n#top #wrap_all .avia-button.av-kxrpo9zf-d8f8934f76718bb101055e09383e70fb:hover{\nbackground-color:#d8c78a;\ncolor:white;\ntransition:all 0.4s ease-in-out;\n}\n#top #wrap_all .avia-button.av-kxrpo9zf-d8f8934f76718bb101055e09383e70fb:hover .avia-svg-icon svg:first-child{\nfill:white;\nstroke:white;\n}\n<\/style>\n<a href='mailto:info@locandaorico.ch' class='avia-font-color-theme-color avia-button avia-button-fullwidth av-kxrpo9zf-d8f8934f76718bb101055e09383e70fb avia-icon_select-yes-right-icon avia-color-custom'  target=\"_blank\"  rel=\"noopener noreferrer\"  aria-label=\"Pour toute autre demande, veuillez nous envoyer un email\"><span class='avia_iconbox_title' >Pour toute autre demande, veuillez nous envoyer un email<\/span><span class='avia_button_icon avia_button_icon_right avia-iconfont avia-font-entypo-fontello' data-av_icon='\ue805' data-av_iconfont='entypo-fontello' ><\/span><\/a><\/div><br \/>\n\n<style type=\"text\/css\" data-created_by=\"avia_inline_auto\" id=\"style-css-av-jxbujhg5-454fd34d211e2125904d0277f1d3f0c2\">\n#top .hr.hr-invisible.av-jxbujhg5-454fd34d211e2125904d0277f1d3f0c2{\nheight:18px;\n}\n<\/style>\n<div  class='hr av-jxbujhg5-454fd34d211e2125904d0277f1d3f0c2 hr-invisible'><span class='hr-inner '><span class=\"hr-inner-style\"><\/span><\/span><\/div><br \/>\n<form action=\"https:\/\/www.locandaorico.ch\/fr\/contact-et-reservations\/\" method=\"post\" data-fields-with-error=\"Erreurs trouv\u00e9es dans les champs suivants :\" class=\"avia_ajax_form av-form-labels-hidden   av-custom-form-color av-dark-form \" data-avia-form-id=\"1\" data-avia-redirect='' ><fieldset><div id='avia_1_1' class='av-form-text'><\/p>\n<h6>Les plats de notre carte contiennent des substances allerg\u00e8nes et du gluten. Veuillez nous signaler d&rsquo;\u00e9ventuelles allergies au moment de votre r\u00e9servation.<br \/>&#8211;<br \/><strong>Nous vous r\u00e9pondrons dans le plus bref d\u00e9lai dans les jours d\u2019ouverture du restaurant.<\/strong><\/h6>\n<p>\n<\/div><p class='  first_form  form_element form_fullwidth' id='element_avia_2_1'><label for=\"avia_2_1\">Pr\u00e9nom et nom de famille <abbr class=\"required\" title=\"requis(e)\">*<\/abbr><\/label> <input name=\"avia_2_1\" class=\"text_input is_empty\" type=\"text\" id=\"avia_2_1\" value=\"\"  placeholder='Pr\u00e9nom et nom de famille*'\/><\/p><p class='  first_form  form_element form_fullwidth' id='element_avia_3_1'><label for=\"avia_3_1\">E-Mail <abbr class=\"required\" title=\"requis(e)\">*<\/abbr><\/label> <input name=\"avia_3_1\" class=\"text_input is_email\" type=\"text\" id=\"avia_3_1\" value=\"\"  placeholder='E-Mail*'\/><\/p><p class='  first_form  form_element form_fullwidth' id='element_avia_4_1'><label for=\"avia_4_1\">T\u00e9l\u00e9phone <abbr class=\"required\" title=\"requis(e)\">*<\/abbr><\/label> <input name=\"avia_4_1\" class=\"text_input is_phone\" type=\"text\" id=\"avia_4_1\" value=\"\"  placeholder='T\u00e9l\u00e9phone*'\/><\/p><p class='  first_form  form_element form_element_half' id='element_avia_5_1'><label for=\"avia_5_1\">Date <abbr class=\"required\" title=\"requis(e)\">*<\/abbr><\/label> <input name=\"avia_5_1\" class=\"avia_datepicker text_input is_empty\" type=\"text\" id=\"avia_5_1\" value=\"\" placeholder=\"Date*\" inputmode=\"none\" \/><\/p><p class='  form_element form_element_half' id='element_avia_6_1'><label for=\"avia_6_1\">Heure <abbr class=\"required\" title=\"requis(e)\">*<\/abbr><\/label> <input name=\"avia_6_1\" class=\"text_input is_empty\" type=\"text\" id=\"avia_6_1\" value=\"\"  placeholder='Heure*'\/><\/p><p class='  first_form  form_element form_fullwidth' id='element_avia_7_1'><label for=\"avia_7_1\">Nombre de personnes <abbr class=\"required\" title=\"requis(e)\">*<\/abbr><\/label> <input name=\"avia_7_1\" class=\"text_input is_empty\" type=\"text\" id=\"avia_7_1\" value=\"\"  placeholder='Nombre de personnes*'\/><\/p><p class='  first_form  form_element form_element_third' id='element_avia_8_1'><label for=\"avia_8_1\">Allergies ?<\/label><select  name=\"avia_8_1\" class=\"select \" id=\"avia_8_1\"><option class=\"av-placeholder\" disabled=\"disabled\" selected=\"selected\" value=''>Allergies ?<\/option><option   value='Oui'>Oui<\/option><option   value='Non'>Non<\/option><\/select><\/p><p class='  form_element form_element_two_third' id='element_avia_9_1'><label for=\"avia_9_1\">Si oui, veuillez sp\u00e9cifier<\/label> <input name=\"avia_9_1\" class=\"text_input \" type=\"text\" id=\"avia_9_1\" value=\"\"  placeholder='Si oui, veuillez sp\u00e9cifier'\/><\/p><p class='  first_form  form_element form_fullwidth' id='element_avia_10_1'><label for=\"avia_10_1\" class=\"textare_label hidden textare_label_avia_10_1\">Messages et\/ou observations<\/label><textarea  placeholder='Messages et\/ou observations' name=\"avia_10_1\" class=\"text_area \" cols=\"40\" rows=\"7\" id=\"avia_10_1\" ><\/textarea><\/p><div id='avia_11_1' class='av-form-text'><p>Veuillez r\u00e9soudre ce simple calcul.*<\/p>\n<\/div><p class=\"hidden\"><input type=\"text\" name=\"avia_12_1\" class=\"hidden \" id=\"avia_12_1\" value=\"\" \/><\/p><p class='   form_element form_fullwidth' id='element_avia_13_1'><span class='value_verifier_label'>3 + 1 = ?<\/span><input name=\"avia_13_1_verifier\" type=\"hidden\" id=\"avia_13_1_verifier\" value=\"246844364\"\/><label for=\"avia_13_1\">Veuillez r\u00e9soudre ce simple calcul <abbr class=\"required\" title=\"requis(e)\">*<\/abbr><\/label><input name=\"avia_13_1\" class=\"text_input captcha\" type=\"text\" id=\"avia_13_1\" value=\"\"\/><\/p><p class=\"form_element \"><input type=\"hidden\" value=\"1\" name=\"avia_generated_form1\" \/><input type=\"submit\" value=\"Envoyer\" class=\"button\"  data-sending-label=\"Envoi\"\/><\/p><\/fieldset><\/form><div id=\"ajaxresponse_1\" class=\"ajaxresponse ajaxresponse_1 hidden\"><\/div><br \/>\n<section  class='av_textblock_section av-clkvpo-4578424bcefabc589d8a8508f88e57c8 '   itemscope=\"itemscope\" itemtype=\"https:\/\/schema.org\/CreativeWork\" ><div class='avia_textblock'  itemprop=\"text\" ><\/p>\n<h6>* Champ obligatoire.<\/h6>\n<\/div><\/section><br \/>\n\n<style type=\"text\/css\" data-created_by=\"avia_inline_auto\" id=\"style-css-av-cjljt8-45f1eb1d192057292cb427704b335c6f\">\n#top .hr.hr-invisible.av-cjljt8-45f1eb1d192057292cb427704b335c6f{\nheight:42px;\n}\n<\/style>\n<div  class='hr av-cjljt8-45f1eb1d192057292cb427704b335c6f hr-invisible'><span class='hr-inner '><span class=\"hr-inner-style\"><\/span><\/span><\/div><\/p><\/div>\n<style type=\"text\/css\" data-created_by=\"avia_inline_auto\" id=\"style-css-av-gf0y44-9449cd6a1eef6c9b9a12b3c7a49ca2fb\">\n.flex_column.av-gf0y44-9449cd6a1eef6c9b9a12b3c7a49ca2fb{\nborder-radius:0px 0px 0px 0px;\npadding:0px 0px 0px 0px;\n}\n<\/style>\n<div  class='flex_column av-gf0y44-9449cd6a1eef6c9b9a12b3c7a49ca2fb av_two_fifth flex_column_div av-zero-column-padding  '     ><section  class='av_textblock_section av-gb0xp8-4b3147dc00a01f4a1a0fbe3f0a46f482 '   itemscope=\"itemscope\" itemtype=\"https:\/\/schema.org\/CreativeWork\" ><div class='avia_textblock'  itemprop=\"text\" ><h2>Contact<\/h2>\n<\/div><\/section><br \/>\n<section  class='av_textblock_section av-g24ujw-1c378abdf31eb0683dd4caa237f76329 '   itemscope=\"itemscope\" itemtype=\"https:\/\/schema.org\/CreativeWork\" ><div class='avia_textblock'  itemprop=\"text\" ><p>Restaurant Locanda Orico<br \/>via Orico, 13<br \/>CH &#8211; 6500 Bellinzona &#8211; Tessin<\/p>\n<p><a href=\"https:\/\/www.google.ch\/maps\/place\/Ristorante+Locanda+Orico\/@46.1921199,9.0168558,17z\/data=!3m1!4b1!4m2!3m1!1s0x47844a3648131043:0xc90c3035e976dfa1\" target=\"_blank\" rel=\"noopener\">\n<style type=\"text\/css\" data-created_by=\"avia_inline_auto\" id=\"style-css-av-fxsigs-bcd5717f9adda9f921b9b696a745f266\">\n.av_font_icon.av-fxsigs-bcd5717f9adda9f921b9b696a745f266 .av-icon-char{\nfont-size:26px;\nline-height:26px;\n}\n<\/style>\n<span  class='av_font_icon av-fxsigs-bcd5717f9adda9f921b9b696a745f266 avia_animate_when_visible av-icon-style- avia-icon-pos-left avia-iconfont avia-font-entypo-fontello av-no-color avia-icon-animate'><span class='av-icon-char' data-av_icon='\ue842' data-av_iconfont='entypo-fontello' aria-hidden=\"true\" ><\/span><\/span> Maps<\/a><\/p>\n<p>\n<style type=\"text\/css\" data-created_by=\"avia_inline_auto\" id=\"style-css-av-ai7y4-d5aa2e6f4ac77c0bb747518d9d3cdde5\">\n.av_font_icon.av-ai7y4-d5aa2e6f4ac77c0bb747518d9d3cdde5 .av-icon-char{\nfont-size:26px;\nline-height:26px;\n}\n<\/style>\n<span  class='av_font_icon av-ai7y4-d5aa2e6f4ac77c0bb747518d9d3cdde5 avia_animate_when_visible av-icon-style- avia-icon-pos-left avia-iconfont avia-font-entypo-fontello av-no-color avia-icon-animate'><span class='av-icon-char' data-av_icon='\ue854' data-av_iconfont='entypo-fontello' aria-hidden=\"true\" ><\/span><\/span> +41 91 825 15 18<\/p>\n<p><a href=\"mailto:info@locandaorico.ch\">\n<style type=\"text\/css\" data-created_by=\"avia_inline_auto\" id=\"style-css-av-c2g5qc-a367124823a53f48518349a88c64d47d\">\n.av_font_icon.av-c2g5qc-a367124823a53f48518349a88c64d47d .av-icon-char{\nfont-size:26px;\nline-height:26px;\n}\n<\/style>\n<span  class='av_font_icon av-c2g5qc-a367124823a53f48518349a88c64d47d avia_animate_when_visible av-icon-style- avia-icon-pos-left avia-iconfont avia-font-entypo-fontello av-no-color avia-icon-animate'><span class='av-icon-char' data-av_icon='\ue805' data-av_iconfont='entypo-fontello' aria-hidden=\"true\" ><\/span><\/span> Contact<\/a><\/p>\n<\/div><\/section><br \/>\n\n<style type=\"text\/css\" data-created_by=\"avia_inline_auto\" id=\"style-css-av-fmrab8-2708f26a53d25bbf0ba0c75998e2275b\">\n.avia-image-container.av-fmrab8-2708f26a53d25bbf0ba0c75998e2275b img.avia_image{\nbox-shadow:none;\n}\n.avia-image-container.av-fmrab8-2708f26a53d25bbf0ba0c75998e2275b .av-image-caption-overlay-center{\ncolor:#ffffff;\n}\n<\/style>\n<div  class='avia-image-container av-fmrab8-2708f26a53d25bbf0ba0c75998e2275b av-styling- avia-align-center'   itemprop=\"image\" itemscope=\"itemscope\" itemtype=\"https:\/\/schema.org\/ImageObject\" ><div class=\"avia-image-container-inner\"><div class=\"avia-image-overlay-wrap\"><img decoding=\"async\" fetchpriority=\"high\" class='wp-image-5991 avia-img-lazy-loading-not-5991 avia_image ' src=\"https:\/\/www.locandaorico.ch\/site\/wp-content\/uploads\/2021\/11\/Linea-riconoscimenti-2021.png\" alt='' title='Linea-riconoscimenti-2021'  height=\"172\" width=\"641\"  itemprop=\"thumbnailUrl\" srcset=\"https:\/\/www.locandaorico.ch\/site\/wp-content\/uploads\/2021\/11\/Linea-riconoscimenti-2021.png 641w, https:\/\/www.locandaorico.ch\/site\/wp-content\/uploads\/2021\/11\/Linea-riconoscimenti-2021-300x80.png 300w\" sizes=\"(max-width: 641px) 100vw, 641px\" \/><\/div><\/div><\/div><br \/>\n\n<style type=\"text\/css\" data-created_by=\"avia_inline_auto\" id=\"style-css-av-fhaw3g-16fad88d92c09280f94135f6f3b8a344\">\n#top .hr.hr-invisible.av-fhaw3g-16fad88d92c09280f94135f6f3b8a344{\nheight:60px;\n}\n<\/style>\n<div  class='hr av-fhaw3g-16fad88d92c09280f94135f6f3b8a344 hr-invisible'><span class='hr-inner '><span class=\"hr-inner-style\"><\/span><\/span><\/div><br \/>\n<section  class='av_textblock_section av-fa649o-c9111cb316149222e257ed3ae483927e '   itemscope=\"itemscope\" itemtype=\"https:\/\/schema.org\/CreativeWork\" ><div class='avia_textblock'  itemprop=\"text\" ><\/p>\n<h2>Heures d&rsquo;ouverture<\/h2>\n<\/div><\/section><br \/>\n<section  class='av_textblock_section av-f5cxp8-55484f0e7e6b106eace93749b24d9a73 '   itemscope=\"itemscope\" itemtype=\"https:\/\/schema.org\/CreativeWork\" ><div class='avia_textblock'  itemprop=\"text\" ><p>11h45 &#8211; 14h00 \/ 18h45 &#8211; 24h00<br \/>Ferm\u00e9 le dimanche et le lundi.<br \/>Toutes les cartes de cr\u00e9dit sont accept\u00e9es.<\/p>\n<\/div><\/section><br \/>\n<section  class='av_textblock_section av-f5cxp8-2-bdb7b26509af055b20d0e4cf207d23cf '   itemscope=\"itemscope\" itemtype=\"https:\/\/schema.org\/CreativeWork\" ><div class='avia_textblock'  itemprop=\"text\" ><p>Animaux non\u00a0admis.<\/p>\n<\/div><\/section><br \/>\n\n<style type=\"text\/css\" data-created_by=\"avia_inline_auto\" id=\"style-css-av-ewqk38-2017a2443910957538d868d1ab853e6a\">\n#top .hr.hr-invisible.av-ewqk38-2017a2443910957538d868d1ab853e6a{\nheight:42px;\n}\n<\/style>\n<div  class='hr av-ewqk38-2017a2443910957538d868d1ab853e6a hr-invisible'><span class='hr-inner '><span class=\"hr-inner-style\"><\/span><\/span><\/div><br \/>\n<section  class='av_textblock_section av-f5cxp8-1-2d47947f09f908f7db3def7cb351d93b '   itemscope=\"itemscope\" itemtype=\"https:\/\/schema.org\/CreativeWork\" ><div class='avia_textblock'  itemprop=\"text\" ><p>Dans les coulisses de la Locanda Orico et rencontrez Lorenzo Albrici sur Instagram<\/p>\n<p><a href=\"https:\/\/www.instagram.com\/locandaorico_official\/\" target=\"_blank\" rel=\"noopener\">\n<style type=\"text\/css\" data-created_by=\"avia_inline_auto\" id=\"style-css-av-fv84uk-aa6e20355991fe22c49a7b062b7c5570\">\n.av_font_icon.av-fv84uk-aa6e20355991fe22c49a7b062b7c5570 .av-icon-char{\nfont-size:20px;\nline-height:20px;\n}\n<\/style>\n<span  class='av_font_icon av-fv84uk-aa6e20355991fe22c49a7b062b7c5570 avia_animate_when_visible av-icon-style- avia-icon-pos-left avia-iconfont avia-font-entypo-fontello av-no-color avia-icon-animate'><span class='av-icon-char' data-av_icon='\ue909' data-av_iconfont='entypo-fontello' aria-hidden=\"true\" ><\/span><\/span> \u00a0Instagram<\/a><\/p>\n<\/div><\/section><\/p><\/div><\/div><\/div><\/div><!-- close content main div --><\/div><\/div><div id='after_section_2'  class='main_color av_default_container_wrap container_wrap sidebar_right'  ><div class='container av-section-cont-open' ><div class='template-page content  av-content-small alpha units'><div class='post-entry post-entry-type-page post-entry-4746'><div class='entry-content-wrapper clearfix'>\n","protected":false},"excerpt":{"rendered":"","protected":false},"author":1,"featured_media":0,"parent":0,"menu_order":0,"comment_status":"closed","ping_status":"closed","template":"","meta":{"footnotes":""},"class_list":["post-4746","page","type-page","status-publish","hentry"],"aioseo_notices":[],"_links":{"self":[{"href":"https:\/\/www.locandaorico.ch\/fr\/wp-json\/wp\/v2\/pages\/4746","targetHints":{"allow":["GET"]}}],"collection":[{"href":"https:\/\/www.locandaorico.ch\/fr\/wp-json\/wp\/v2\/pages"}],"about":[{"href":"https:\/\/www.locandaorico.ch\/fr\/wp-json\/wp\/v2\/types\/page"}],"author":[{"embeddable":true,"href":"https:\/\/www.locandaorico.ch\/fr\/wp-json\/wp\/v2\/users\/1"}],"replies":[{"embeddable":true,"href":"https:\/\/www.locandaorico.ch\/fr\/wp-json\/wp\/v2\/comments?post=4746"}],"version-history":[{"count":0,"href":"https:\/\/www.locandaorico.ch\/fr\/wp-json\/wp\/v2\/pages\/4746\/revisions"}],"wp:attachment":[{"href":"https:\/\/www.locandaorico.ch\/fr\/wp-json\/wp\/v2\/media?parent=4746"}],"curies":[{"name":"wp","href":"https:\/\/api.w.org\/{rel}","templated":true}]}}