{"id":4491,"date":"2015-12-01T10:16:39","date_gmt":"2015-12-01T09:16:39","guid":{"rendered":"http:\/\/www.locandaorico.ch\/contatto\/"},"modified":"2025-08-18T09:32:50","modified_gmt":"2025-08-18T07:32:50","slug":"kontakt","status":"publish","type":"page","link":"https:\/\/www.locandaorico.ch\/de\/kontakt\/","title":{"rendered":"Kontakt und Reservierung"},"content":{"rendered":"\n<style type=\"text\/css\" data-created_by=\"avia_inline_auto\" id=\"style-css-av-30irj1n-9a73660bcf10a0be685cc98b701f4405\">\n.avia-section.av-30irj1n-9a73660bcf10a0be685cc98b701f4405{\nbackground-repeat:no-repeat;\nbackground-image:url(https:\/\/www.locandaorico.ch\/site\/wp-content\/uploads\/2019\/11\/SLD-PF-dessert-19-01b.jpg);\nbackground-position:50% 50%;\nbackground-attachment:scroll;\n}\n<\/style>\n<div id='av_section_1'  class='avia-section av-30irj1n-9a73660bcf10a0be685cc98b701f4405 main_color avia-section-no-padding avia-no-border-styling  avia-builder-el-0  avia-builder-el-no-sibling  avia-full-stretch avia-bg-style-scroll container_wrap sidebar_right'  data-section-bg-repeat='stretch'><div class='container av-section-cont-open' ><main  role=\"main\" itemprop=\"mainContentOfPage\"  class='template-page content  av-content-small alpha units'><div class='post-entry post-entry-type-page post-entry-4491'><div class='entry-content-wrapper clearfix'>\n<br \/>\n<style type=\"text\/css\" data-created_by=\"avia_inline_auto\" id=\"style-css-av-2ya5v63-3b6921187a2fa6febdaa7206dcddfa48\">\n#top .flex_column.av-2ya5v63-3b6921187a2fa6febdaa7206dcddfa48{\nmargin-top:40%;\n}\n.flex_column.av-2ya5v63-3b6921187a2fa6febdaa7206dcddfa48{\nborder-radius:0px 0px 0px 0px;\npadding:0px 0px 0px 0px;\n}\n.responsive #top #wrap_all .flex_column.av-2ya5v63-3b6921187a2fa6febdaa7206dcddfa48{\nmargin-top:40%;\n}\n<\/style>\n<div  class='flex_column av-2ya5v63-3b6921187a2fa6febdaa7206dcddfa48 av_one_full first flex_column_div av-animated-generic fade-in av-zero-column-padding  '     ><style type=\"text\/css\" data-created_by=\"avia_inline_auto\" id=\"style-css-av-2wno8p7-d1e15b46063354c0382638e27d84b6f8\">\n#top .av_textblock_section.av-2wno8p7-d1e15b46063354c0382638e27d84b6f8 .avia_textblock{\ncolor:#ffffff;\n}\n<\/style>\n<section  class='av_textblock_section av-2wno8p7-d1e15b46063354c0382638e27d84b6f8 '   itemscope=\"itemscope\" itemtype=\"https:\/\/schema.org\/CreativeWork\" ><div class='av-small-hide av-mini-hide avia_textblock av_inherit_color'  itemprop=\"text\" ><h6 style=\"text-align: right;\">Friabili gusci ripieni alla spuma di mirtilli selvatici della Valle Bedretto,<br \/>morbido cheesecake, scorzetta di cedro candita<\/h6>\n<\/div><\/section><br \/>\n\n<style type=\"text\/css\" data-created_by=\"avia_inline_auto\" id=\"style-css-av-2vz4bpn-bc788a888047d6858be059c7438f606b\">\n#top .hr.hr-invisible.av-2vz4bpn-bc788a888047d6858be059c7438f606b{\nheight:50px;\n}\n<\/style>\n<div  class='hr av-2vz4bpn-bc788a888047d6858be059c7438f606b hr-invisible  avia-builder-el-2  el_after_av_textblock  avia-builder-el-last '><span class='hr-inner '><span class=\"hr-inner-style\"><\/span><\/span><\/div><\/p><\/div>\n<\/div><\/div><\/main><!-- close content main element --><\/div><\/div><div id='after_section_1'  class='main_color av_default_container_wrap container_wrap sidebar_right'  ><div class='container av-section-cont-open' ><div class='template-page content  av-content-small alpha units'><div class='post-entry post-entry-type-page post-entry-4491'><div class='entry-content-wrapper clearfix'>\n[av_section min_height='' min_height_pc='25' min_height_px='500px' shadow='no-border-styling' bottom_border='no-border-styling' bottom_border_diagonal_color='#333333' bottom_border_diagonal_direction='' bottom_border_style='' padding='small' custom_margin='0px' custom_margin_sync='true' av-desktop-custom_margin='' av-desktop-custom_margin_sync='true' av-medium-custom_margin='' av-medium-custom_margin_sync='true' av-small-custom_margin='' av-small-custom_margin_sync='true' av-mini-custom_margin='' av-mini-custom_margin_sync='true' svg_div_top='' svg_div_top_color='#333333' svg_div_top_width='100' svg_div_top_height='50' svg_div_top_max_height='none' svg_div_top_opacity='' svg_div_bottom='' svg_div_bottom_color='#333333' svg_div_bottom_width='100' svg_div_bottom_height='50' svg_div_bottom_max_height='none' svg_div_bottom_opacity='' fold_type='' fold_height='' fold_more='Continua a leggere' fold_less='Leggi di meno' fold_text_style='' fold_btn_align='' color='alternate_color' background='bg_color' custom_bg='#a39369' background_gradient_direction='vertical' background_gradient_color1='' background_gradient_color2='' background_gradient_color3='' src='' attachment='' attachment_size='' src_dynamic='' attach='scroll' position='top left' repeat='no-repeat' video='' video_ratio='16:9' overlay_opacity='0.5' overlay_color='' overlay_pattern='' overlay_custom_pattern='' custom_arrow_bg='' fold_overlay_color='' fold_text_color='' fold_btn_color='theme-color' fold_btn_bg_color='' fold_btn_font_color='' size-btn-text='' av-desktop-font-size-btn-text='' av-medium-font-size-btn-text='' av-small-font-size-btn-text='' av-mini-font-size-btn-text='' fold_timer='' z_index_fold='' css_position_z_index='' av-desktop-css_position_z_index='' av-medium-css_position_z_index='' av-small-css_position_z_index='' av-mini-css_position_z_index='' av-desktop-hide='aviaTBav-desktop-hide' av-medium-hide='aviaTBav-medium-hide' av-small-hide='aviaTBav-small-hide' av-mini-hide='aviaTBav-mini-hide' id='' custom_class='' template_class='' aria_label='' av_element_hidden_in_editor='0' av_uid='av-3lf4iw' sc_version='1.0']\r\n[av_textblock fold_type='' fold_height='' fold_more='Continua a leggere' fold_less='Leggi di meno' fold_text_style='' fold_btn_align='' textblock_styling_align='' textblock_styling='' textblock_styling_gap='' textblock_styling_mobile='' size='' av-desktop-font-size='' av-medium-font-size='' av-small-font-size='' av-mini-font-size='' font_color='custom' color='#ffffff' background='bg_color' background_color='' background_gradient_direction='vertical' background_gradient_color1='#000000' background_gradient_color2='#ffffff' background_gradient_color3='' padding='' padding_sync='true' av-desktop-padding='' av-desktop-padding_sync='true' av-medium-padding='' av-medium-padding_sync='true' av-small-padding='' av-small-padding_sync='true' av-mini-padding='' av-mini-padding_sync='true' fold_overlay_color='' fold_text_color='' fold_btn_color='theme-color' fold_btn_bg_color='' fold_btn_font_color='' size-btn-text='' av-desktop-font-size-btn-text='' av-medium-font-size-btn-text='' av-small-font-size-btn-text='' av-mini-font-size-btn-text='' container_tag='' fold_timer='' z_index_fold='' id='' custom_class='' template_class='' av_uid='av-38y3eg' sc_version='1.0' admin_preview_bg='']\r\n<h5 style=\"text-align: center;\">Die Locanda Orico bleibt am 17. und 18. Februar 2026 geschlossen.\r\nWir \u00f6ffnen wieder am 19. Februar 2026.<\/h5>\r\n[\/av_textblock]\r\n[\/av_section]\r\n\r\n\n<\/div><\/div><\/div><!-- close content main div --><\/div><\/div><div id='av_section_2'  class='avia-section av-2u90663-12bc12df35389efd05b26d41b11d8802 main_color avia-section-default avia-no-shadow avia-bg-style-scroll container_wrap sidebar_right'  ><div class='container av-section-cont-open' ><div class='template-page content  av-content-small alpha units'><div class='post-entry post-entry-type-page post-entry-4491'><div class='entry-content-wrapper clearfix'>\n\n<style type=\"text\/css\" data-created_by=\"avia_inline_auto\" id=\"style-css-av-2rtbnwr-4ea2e439be6ad601495faf2aa7bdfdf6\">\n#top .hr.hr-invisible.av-2rtbnwr-4ea2e439be6ad601495faf2aa7bdfdf6{\nheight:40px;\n}\n<\/style>\n<div  class='hr av-2rtbnwr-4ea2e439be6ad601495faf2aa7bdfdf6 hr-invisible'><span class='hr-inner '><span class=\"hr-inner-style\"><\/span><\/span><\/div>\n\n<style type=\"text\/css\" data-created_by=\"avia_inline_auto\" id=\"style-css-av-2a4aphn-6e7bd8b0680c5731b224cf8d5feb95dd\">\n.flex_column.av-2a4aphn-6e7bd8b0680c5731b224cf8d5feb95dd{\nborder-radius:0px 0px 0px 0px;\npadding:0px 0px 0px 0px;\n}\n<\/style>\n<div  class='flex_column av-2a4aphn-6e7bd8b0680c5731b224cf8d5feb95dd av_three_fifth first flex_column_div  '     ><section  class='av_textblock_section av-28y1sej-b833ca7d397bf1a51fa26096a65a6439 '   itemscope=\"itemscope\" itemtype=\"https:\/\/schema.org\/CreativeWork\" ><div class='avia_textblock'  itemprop=\"text\" ><h1 style=\"text-align: left;\">Reservierung<\/h1>\n<\/div><\/section><br \/>\n<div  id=\"moreinfo\"  class='avia-button-wrap avia-button-center '>\n<style type=\"text\/css\" data-created_by=\"avia_inline_auto\" id=\"style-css-av-kxrpl163-1fb571cc6ddb9932fd735969aed20482\">\n#top #wrap_all .avia-button.av-kxrpl163-1fb571cc6ddb9932fd735969aed20482{\nbackground-color:#a39369;\nborder-color:#a39369;\ntransition:all 0.4s ease-in-out;\n}\n#top #wrap_all .avia-button.av-kxrpl163-1fb571cc6ddb9932fd735969aed20482:hover{\nbackground-color:#d8c78a;\ncolor:white;\ntransition:all 0.4s ease-in-out;\n}\n#top #wrap_all .avia-button.av-kxrpl163-1fb571cc6ddb9932fd735969aed20482:hover .avia-svg-icon svg:first-child{\nfill:white;\nstroke:white;\n}\n<\/style>\n<a href='mailto:info@locandaorico.ch' class='avia-font-color-theme-color avia-button avia-button-fullwidth av-kxrpl163-1fb571cc6ddb9932fd735969aed20482 avia-icon_select-yes-right-icon avia-color-custom'  target=\"_blank\"  rel=\"noopener noreferrer\"  aria-label=\"F\u00fcr andere Anfragen senden Sie uns bitte eine E-Mail\"><span class='avia_iconbox_title' >F\u00fcr andere Anfragen senden Sie uns bitte eine E-Mail<\/span><span class='avia_button_icon avia_button_icon_right avia-iconfont avia-font-entypo-fontello' data-av_icon='\ue805' data-av_iconfont='entypo-fontello' ><\/span><\/a><\/div><br \/>\n\n<style type=\"text\/css\" data-created_by=\"avia_inline_auto\" id=\"style-css-av-jxbwctnj-d0150bf4bb89ff6b59a031cddb8f2d9e\">\n#top .hr.hr-invisible.av-jxbwctnj-d0150bf4bb89ff6b59a031cddb8f2d9e{\nheight:18px;\n}\n<\/style>\n<div  class='hr av-jxbwctnj-d0150bf4bb89ff6b59a031cddb8f2d9e hr-invisible'><span class='hr-inner '><span class=\"hr-inner-style\"><\/span><\/span><\/div><br \/>\n<form action=\"https:\/\/www.locandaorico.ch\/de\/kontakt\/\" method=\"post\" data-fields-with-error=\"Fehler wurden in folgenden Feld(ern) gefunden:\" class=\"avia_ajax_form av-form-labels-hidden   av-custom-form-color av-dark-form \" data-avia-form-id=\"1\" data-avia-redirect='' ><fieldset><div id='avia_1_1' class='av-form-text'><\/p>\n<h6>Unsere Gerichte enthalten Allergene und Gluten. Informieren Sie uns bitte bereits bei der Reservierung \u00fcber allf\u00e4llige Unvertr\u00e4glichkeiten.<br \/>&#8211;<br \/><strong>Wir werden Ihnen so rasch wie m\u00f6glich w\u00e4hrend den Restaurant-\u00d6ffnungstagen antworten.<\/strong><\/h6>\n<p>\n<\/div><p class='  first_form  form_element form_fullwidth' id='element_avia_2_1'><label for=\"avia_2_1\">Vorname Name <abbr class=\"required\" title=\"ben\u00f6tigt\">*<\/abbr><\/label> <input name=\"avia_2_1\" class=\"text_input is_empty\" type=\"text\" id=\"avia_2_1\" value=\"\"  placeholder='Vorname Name*'\/><\/p><p class='  first_form  form_element form_fullwidth' id='element_avia_3_1'><label for=\"avia_3_1\">E-Mail <abbr class=\"required\" title=\"ben\u00f6tigt\">*<\/abbr><\/label> <input name=\"avia_3_1\" class=\"text_input is_email\" type=\"text\" id=\"avia_3_1\" value=\"\"  placeholder='E-Mail*'\/><\/p><p class='  first_form  form_element form_fullwidth' id='element_avia_4_1'><label for=\"avia_4_1\">Telefonnummer <abbr class=\"required\" title=\"ben\u00f6tigt\">*<\/abbr><\/label> <input name=\"avia_4_1\" class=\"text_input is_phone\" type=\"text\" id=\"avia_4_1\" value=\"\"  placeholder='Telefonnummer*'\/><\/p><p class='  first_form  form_element form_element_half' id='element_avia_5_1'><label for=\"avia_5_1\">Datum <abbr class=\"required\" title=\"ben\u00f6tigt\">*<\/abbr><\/label> <input name=\"avia_5_1\" class=\"avia_datepicker text_input is_empty\" type=\"text\" id=\"avia_5_1\" value=\"\" placeholder=\"Datum*\" inputmode=\"none\" \/><\/p><p class='  form_element form_element_half' id='element_avia_6_1'><label for=\"avia_6_1\">Uhrzeit <abbr class=\"required\" title=\"ben\u00f6tigt\">*<\/abbr><\/label> <input name=\"avia_6_1\" class=\"text_input is_empty\" type=\"text\" id=\"avia_6_1\" value=\"\"  placeholder='Uhrzeit*'\/><\/p><p class='  first_form  form_element form_fullwidth' id='element_avia_7_1'><label for=\"avia_7_1\">Anzahl Personen <abbr class=\"required\" title=\"ben\u00f6tigt\">*<\/abbr><\/label> <input name=\"avia_7_1\" class=\"text_input is_empty\" type=\"text\" id=\"avia_7_1\" value=\"\"  placeholder='Anzahl Personen*'\/><\/p><p class='  first_form  form_element form_element_third' id='element_avia_8_1'><label for=\"avia_8_1\">Allergien?<\/label><select  name=\"avia_8_1\" class=\"select \" id=\"avia_8_1\"><option class=\"av-placeholder\" disabled=\"disabled\" selected=\"selected\" value=''>Allergien?<\/option><option   value='Ja'>Ja<\/option><option   value='Nein'>Nein<\/option><\/select><\/p><p class='  form_element form_element_two_third' id='element_avia_9_1'><label for=\"avia_9_1\">Falls ja, bitte genau angeben<\/label> <input name=\"avia_9_1\" class=\"text_input \" type=\"text\" id=\"avia_9_1\" value=\"\"  placeholder='Falls ja, bitte genau angeben'\/><\/p><p class='  first_form  form_element form_fullwidth' id='element_avia_10_1'><label for=\"avia_10_1\" class=\"textare_label hidden textare_label_avia_10_1\">Nachricht und\/oder Bemerkungen<\/label><textarea  placeholder='Nachricht und\/oder Bemerkungen' name=\"avia_10_1\" class=\"text_area \" cols=\"40\" rows=\"7\" id=\"avia_10_1\" ><\/textarea><\/p><div id='avia_11_1' class='av-form-text'><p>Bitte l\u00f6sen Sie die einfache Rechnung.*<\/p>\n<\/div><p class=\"hidden\"><input type=\"text\" name=\"avia_12_1\" class=\"hidden \" id=\"avia_12_1\" value=\"\" \/><\/p><p class='   form_element form_fullwidth' id='element_avia_13_1'><span class='value_verifier_label'>1 + 1 = ?<\/span><input name=\"avia_13_1_verifier\" type=\"hidden\" id=\"avia_13_1_verifier\" value=\"313424464\"\/><label for=\"avia_13_1\">Bitte l\u00f6sen Sie die einfache Rechnung. <abbr class=\"required\" title=\"ben\u00f6tigt\">*<\/abbr><\/label><input name=\"avia_13_1\" class=\"text_input captcha\" type=\"text\" id=\"avia_13_1\" value=\"\"\/><\/p><p class=\"form_element \"><input type=\"hidden\" value=\"1\" name=\"avia_generated_form1\" \/><input type=\"submit\" value=\"Senden\" class=\"button\"  data-sending-label=\"Sende\"\/><\/p><\/fieldset><\/form><div id=\"ajaxresponse_1\" class=\"ajaxresponse ajaxresponse_1 hidden\"><\/div><br \/>\n<section  class='av_textblock_section av-1ooa52z-c0a6e62781f0d32cd3b349f3b0c24458 '   itemscope=\"itemscope\" itemtype=\"https:\/\/schema.org\/CreativeWork\" ><div class='avia_textblock'  itemprop=\"text\" ><\/p>\n<h6>* Pflichtfeld.<\/h6>\n<\/div><\/section><br \/>\n\n<style type=\"text\/css\" data-created_by=\"avia_inline_auto\" id=\"style-css-av-5y3cvv-0fdf964a2298e6a9942ad9d84e46dc83\">\n#top .hr.hr-invisible.av-5y3cvv-0fdf964a2298e6a9942ad9d84e46dc83{\nheight:42px;\n}\n<\/style>\n<div  class='hr av-5y3cvv-0fdf964a2298e6a9942ad9d84e46dc83 hr-invisible'><span class='hr-inner '><span class=\"hr-inner-style\"><\/span><\/span><\/div><\/p><\/div>\n<style type=\"text\/css\" data-created_by=\"avia_inline_auto\" id=\"style-css-av-2qrz54r-0a7e9ed77b73558b88b3537251988625\">\n.flex_column.av-2qrz54r-0a7e9ed77b73558b88b3537251988625{\nborder-radius:0px 0px 0px 0px;\npadding:0px 0px 0px 0px;\n}\n<\/style>\n<div  class='flex_column av-2qrz54r-0a7e9ed77b73558b88b3537251988625 av_two_fifth flex_column_div av-zero-column-padding  '     ><section  class='av_textblock_section av-2oehxt7-ca1b95d7944d534fdcc45dba5d92fef7 '   itemscope=\"itemscope\" itemtype=\"https:\/\/schema.org\/CreativeWork\" ><div class='avia_textblock'  itemprop=\"text\" ><h2>Kontakt<\/h2>\n<\/div><\/section><br \/>\n<section  class='av_textblock_section av-2mhdq6z-6d7f7a3ac3700f7ffe9ef90077b2363d '   itemscope=\"itemscope\" itemtype=\"https:\/\/schema.org\/CreativeWork\" ><div class='avia_textblock'  itemprop=\"text\" ><p>Ristorante Locanda Orico<strong><br \/><\/strong>via Orico 13 &#8211; 6500 Bellinzona<br \/>Tessin &#8211; Schweiz<\/p>\n<p><a href=\"https:\/\/www.google.ch\/maps\/place\/Ristorante+Locanda+Orico\/@46.1921199,9.0168558,17z\/data=!3m1!4b1!4m2!3m1!1s0x47844a3648131043:0xc90c3035e976dfa1\" target=\"_blank\" rel=\"noopener\">\n<style type=\"text\/css\" data-created_by=\"avia_inline_auto\" id=\"style-css-av-2kx8rkb-ebf241bce02ded439bd4ba108a6c2117\">\n.av_font_icon.av-2kx8rkb-ebf241bce02ded439bd4ba108a6c2117 .av-icon-char{\nfont-size:26px;\nline-height:26px;\n}\n<\/style>\n<span  class='av_font_icon av-2kx8rkb-ebf241bce02ded439bd4ba108a6c2117 avia_animate_when_visible av-icon-style- avia-icon-pos-left avia-iconfont avia-font-entypo-fontello av-no-color avia-icon-animate'><span class='av-icon-char' data-av_icon='\ue842' data-av_iconfont='entypo-fontello' aria-hidden=\"true\" ><\/span><\/span> Maps<\/a><\/p>\n<p>\n<style type=\"text\/css\" data-created_by=\"avia_inline_auto\" id=\"style-css-av-ai7y4-d5aa2e6f4ac77c0bb747518d9d3cdde5\">\n.av_font_icon.av-ai7y4-d5aa2e6f4ac77c0bb747518d9d3cdde5 .av-icon-char{\nfont-size:26px;\nline-height:26px;\n}\n<\/style>\n<span  class='av_font_icon av-ai7y4-d5aa2e6f4ac77c0bb747518d9d3cdde5 avia_animate_when_visible av-icon-style- avia-icon-pos-left avia-iconfont avia-font-entypo-fontello av-no-color avia-icon-animate'><span class='av-icon-char' data-av_icon='\ue854' data-av_iconfont='entypo-fontello' aria-hidden=\"true\" ><\/span><\/span> +41 91 825 15 18<\/p>\n<p><a href=\"mailto:info@locandaorico.ch\">\n<style type=\"text\/css\" data-created_by=\"avia_inline_auto\" id=\"style-css-av-1hp1fij-a736918467499a7447e504f5a3319cb5\">\n.av_font_icon.av-1hp1fij-a736918467499a7447e504f5a3319cb5 .av-icon-char{\nfont-size:26px;\nline-height:26px;\n}\n<\/style>\n<span  class='av_font_icon av-1hp1fij-a736918467499a7447e504f5a3319cb5 avia_animate_when_visible av-icon-style- avia-icon-pos-left avia-iconfont avia-font-entypo-fontello av-no-color avia-icon-animate'><span class='av-icon-char' data-av_icon='\ue805' data-av_iconfont='entypo-fontello' aria-hidden=\"true\" ><\/span><\/span> Kontakt<\/a><\/p>\n<\/div><\/section><br \/>\n\n<style type=\"text\/css\" data-created_by=\"avia_inline_auto\" id=\"style-css-av-2iod117-2a133e542405bdcec1bfd69a2cab3e50\">\n.avia-image-container.av-2iod117-2a133e542405bdcec1bfd69a2cab3e50 img.avia_image{\nbox-shadow:none;\n}\n.avia-image-container.av-2iod117-2a133e542405bdcec1bfd69a2cab3e50 .av-image-caption-overlay-center{\ncolor:#ffffff;\n}\n<\/style>\n<div  class='avia-image-container av-2iod117-2a133e542405bdcec1bfd69a2cab3e50 av-styling- avia-align-center'   itemprop=\"image\" itemscope=\"itemscope\" itemtype=\"https:\/\/schema.org\/ImageObject\" ><div class=\"avia-image-container-inner\"><div class=\"avia-image-overlay-wrap\"><img decoding=\"async\" fetchpriority=\"high\" class='wp-image-5992 avia-img-lazy-loading-not-5992 avia_image ' src=\"https:\/\/www.locandaorico.ch\/site\/wp-content\/uploads\/2021\/11\/Linea-riconoscimenti-2021.png\" alt='' title='Linea-riconoscimenti-2021'  height=\"172\" width=\"641\"  itemprop=\"thumbnailUrl\" srcset=\"https:\/\/www.locandaorico.ch\/site\/wp-content\/uploads\/2021\/11\/Linea-riconoscimenti-2021.png 641w, https:\/\/www.locandaorico.ch\/site\/wp-content\/uploads\/2021\/11\/Linea-riconoscimenti-2021-300x80.png 300w\" sizes=\"(max-width: 641px) 100vw, 641px\" \/><\/div><\/div><\/div><br \/>\n\n<style type=\"text\/css\" data-created_by=\"avia_inline_auto\" id=\"style-css-av-2g5bmx7-793eb58d6c82a8364064fc9c4605c74f\">\n#top .hr.hr-invisible.av-2g5bmx7-793eb58d6c82a8364064fc9c4605c74f{\nheight:60px;\n}\n<\/style>\n<div  class='hr av-2g5bmx7-793eb58d6c82a8364064fc9c4605c74f hr-invisible'><span class='hr-inner '><span class=\"hr-inner-style\"><\/span><\/span><\/div><br \/>\n<section  class='av_textblock_section av-2fl7ee3-e4ccc04f72019fb79a38e100de333304 '   itemscope=\"itemscope\" itemtype=\"https:\/\/schema.org\/CreativeWork\" ><div class='avia_textblock'  itemprop=\"text\" ><\/p>\n<h2>\u00d6ffnungszeiten<\/h2>\n<\/div><\/section><br \/>\n<section  class='av_textblock_section av-2doreor-c198b16b0b8a4d79a5bf010e46083b1c '   itemscope=\"itemscope\" itemtype=\"https:\/\/schema.org\/CreativeWork\" ><div class='avia_textblock'  itemprop=\"text\" ><p>11.45 &#8211; 14.00 \/ 18.45 &#8211; 24.00<br \/>Sonntag und Montag Ruhetage.<br \/>Es werden alle Kreditkarten akzeptiert.<\/p>\n<\/div><\/section><br \/>\n<section  class='av_textblock_section av-2doreor-2-19565d438bc96569a13b55fd1429d08a '   itemscope=\"itemscope\" itemtype=\"https:\/\/schema.org\/CreativeWork\" ><div class='avia_textblock'  itemprop=\"text\" ><p>Haustiere sind nicht erlaubt.<\/p>\n<\/div><\/section><br \/>\n\n<style type=\"text\/css\" data-created_by=\"avia_inline_auto\" id=\"style-css-av-2ca0f2z-738aa86e1b72556735ea85fbcbf25df5\">\n#top .hr.hr-invisible.av-2ca0f2z-738aa86e1b72556735ea85fbcbf25df5{\nheight:42px;\n}\n<\/style>\n<div  class='hr av-2ca0f2z-738aa86e1b72556735ea85fbcbf25df5 hr-invisible'><span class='hr-inner '><span class=\"hr-inner-style\"><\/span><\/span><\/div><br \/>\n<section  class='av_textblock_section av-2doreor-1-7fbd524bd8bfd04cde455fa7180f496a '   itemscope=\"itemscope\" itemtype=\"https:\/\/schema.org\/CreativeWork\" ><div class='avia_textblock'  itemprop=\"text\" ><p>Folgen Sie uns auf Instagram und werfen Sie einen Blick hinter die Kulissen der Locanda Orico und Lorenzo Albrici.<\/p>\n<p><a href=\"https:\/\/www.instagram.com\/locandaorico_official\/\" target=\"_blank\" rel=\"noopener\">\n<style type=\"text\/css\" data-created_by=\"avia_inline_auto\" id=\"style-css-av-96pykr-455a17ead246153d90c66c2ed300d765\">\n.av_font_icon.av-96pykr-455a17ead246153d90c66c2ed300d765 .av-icon-char{\nfont-size:20px;\nline-height:20px;\n}\n<\/style>\n<span  class='av_font_icon av-96pykr-455a17ead246153d90c66c2ed300d765 avia_animate_when_visible av-icon-style- avia-icon-pos-left avia-iconfont avia-font-entypo-fontello av-no-color avia-icon-animate'><span class='av-icon-char' data-av_icon='\ue909' data-av_iconfont='entypo-fontello' aria-hidden=\"true\" ><\/span><\/span> \u00a0Instagram<\/a><\/p>\n<\/div><\/section><\/p><\/div><\/div><\/div><\/div><!-- close content main div --><\/div><\/div><div id='after_section_2'  class='main_color av_default_container_wrap container_wrap sidebar_right'  ><div class='container av-section-cont-open' ><div class='template-page content  av-content-small alpha units'><div class='post-entry post-entry-type-page post-entry-4491'><div class='entry-content-wrapper clearfix'>\n","protected":false},"excerpt":{"rendered":"","protected":false},"author":1,"featured_media":0,"parent":0,"menu_order":0,"comment_status":"closed","ping_status":"closed","template":"","meta":{"footnotes":""},"class_list":["post-4491","page","type-page","status-publish","hentry"],"aioseo_notices":[],"_links":{"self":[{"href":"https:\/\/www.locandaorico.ch\/de\/wp-json\/wp\/v2\/pages\/4491","targetHints":{"allow":["GET"]}}],"collection":[{"href":"https:\/\/www.locandaorico.ch\/de\/wp-json\/wp\/v2\/pages"}],"about":[{"href":"https:\/\/www.locandaorico.ch\/de\/wp-json\/wp\/v2\/types\/page"}],"author":[{"embeddable":true,"href":"https:\/\/www.locandaorico.ch\/de\/wp-json\/wp\/v2\/users\/1"}],"replies":[{"embeddable":true,"href":"https:\/\/www.locandaorico.ch\/de\/wp-json\/wp\/v2\/comments?post=4491"}],"version-history":[{"count":0,"href":"https:\/\/www.locandaorico.ch\/de\/wp-json\/wp\/v2\/pages\/4491\/revisions"}],"wp:attachment":[{"href":"https:\/\/www.locandaorico.ch\/de\/wp-json\/wp\/v2\/media?parent=4491"}],"curies":[{"name":"wp","href":"https:\/\/api.w.org\/{rel}","templated":true}]}}